{"id":6,"date":"2024-07-09T07:39:34","date_gmt":"2024-07-09T07:39:34","guid":{"rendered":"https:\/\/biosamia.com\/?page_id=6"},"modified":"2025-02-05T11:05:03","modified_gmt":"2025-02-05T11:05:03","slug":"biosamia","status":"publish","type":"page","link":"https:\/\/biosamia.com\/?page_id=6","title":{"rendered":"CHI SIAMO"},"content":{"rendered":"\n<div class=\"wp-block-group alignfull\"><div class=\"wp-block-group__inner-container is-layout-constrained wp-block-group-is-layout-constrained\">\n<div class=\"wp-block-group alignfull\"><div class=\"wp-block-group__inner-container is-layout-constrained wp-block-group-is-layout-constrained\">\n<div class=\"wp-block-cover alignfull\" style=\"padding-top:var(--wp--preset--spacing--30);padding-right:var(--wp--preset--spacing--30);padding-bottom:var(--wp--preset--spacing--30);padding-left:var(--wp--preset--spacing--30);min-height:300px;aspect-ratio:unset;\"><span aria-hidden=\"true\" class=\"wp-block-cover__background has-black-background-color has-background-dim\"><\/span><img loading=\"lazy\" decoding=\"async\" width=\"1500\" height=\"1000\" class=\"wp-block-cover__image-background wp-image-875\" alt=\"\" src=\"https:\/\/biosamia.com\/wp-content\/uploads\/2024\/09\/13419.jpg\" style=\"object-position:59% 22%\" data-object-fit=\"cover\" data-object-position=\"59% 22%\" srcset=\"https:\/\/biosamia.com\/wp-content\/uploads\/2024\/09\/13419.jpg 1500w, https:\/\/biosamia.com\/wp-content\/uploads\/2024\/09\/13419-300x200.jpg 300w, https:\/\/biosamia.com\/wp-content\/uploads\/2024\/09\/13419-1024x683.jpg 1024w, https:\/\/biosamia.com\/wp-content\/uploads\/2024\/09\/13419-768x512.jpg 768w, https:\/\/biosamia.com\/wp-content\/uploads\/2024\/09\/13419-1140x760.jpg 1140w, https:\/\/biosamia.com\/wp-content\/uploads\/2024\/09\/13419-920x613.jpg 920w, https:\/\/biosamia.com\/wp-content\/uploads\/2024\/09\/13419-575x383.jpg 575w, https:\/\/biosamia.com\/wp-content\/uploads\/2024\/09\/13419-380x253.jpg 380w\" sizes=\"auto, (max-width: 1500px) 100vw, 1500px\" \/><div class=\"wp-block-cover__inner-container is-layout-flow wp-block-cover-is-layout-flow\">\n<div class=\"wp-block-group is-nowrap is-layout-flex wp-container-core-group-is-layout-6c531013 wp-block-group-is-layout-flex\">\n<figure class=\"wp-block-image size-large is-resized\"><img loading=\"lazy\" decoding=\"async\" width=\"1024\" height=\"856\" src=\"https:\/\/biosamia.com\/wp-content\/uploads\/2024\/09\/logo-ok-01-1-1024x856.png\" alt=\"\" class=\"wp-image-671\" style=\"width:98px;height:auto\" srcset=\"https:\/\/biosamia.com\/wp-content\/uploads\/2024\/09\/logo-ok-01-1-1024x856.png 1024w, https:\/\/biosamia.com\/wp-content\/uploads\/2024\/09\/logo-ok-01-1-300x251.png 300w, https:\/\/biosamia.com\/wp-content\/uploads\/2024\/09\/logo-ok-01-1-768x642.png 768w, https:\/\/biosamia.com\/wp-content\/uploads\/2024\/09\/logo-ok-01-1-1536x1284.png 1536w, https:\/\/biosamia.com\/wp-content\/uploads\/2024\/09\/logo-ok-01-1-2048x1712.png 2048w, https:\/\/biosamia.com\/wp-content\/uploads\/2024\/09\/logo-ok-01-1-1140x953.png 1140w, https:\/\/biosamia.com\/wp-content\/uploads\/2024\/09\/logo-ok-01-1-920x769.png 920w, https:\/\/biosamia.com\/wp-content\/uploads\/2024\/09\/logo-ok-01-1-575x481.png 575w, https:\/\/biosamia.com\/wp-content\/uploads\/2024\/09\/logo-ok-01-1-380x318.png 380w\" sizes=\"auto, (max-width: 1024px) 100vw, 1024px\" \/><\/figure>\n\n\n\n<div class=\"wp-block-group is-nowrap is-layout-flex wp-container-core-group-is-layout-6c531013 wp-block-group-is-layout-flex\">\n<figure class=\"wp-block-image size-large is-resized\"><img loading=\"lazy\" decoding=\"async\" width=\"1024\" height=\"283\" src=\"https:\/\/biosamia.com\/wp-content\/uploads\/2024\/09\/logo-ok-03-2-1024x283.png\" alt=\"\" class=\"wp-image-686\" style=\"width:302px;height:auto\" srcset=\"https:\/\/biosamia.com\/wp-content\/uploads\/2024\/09\/logo-ok-03-2-1024x283.png 1024w, https:\/\/biosamia.com\/wp-content\/uploads\/2024\/09\/logo-ok-03-2-300x83.png 300w, https:\/\/biosamia.com\/wp-content\/uploads\/2024\/09\/logo-ok-03-2-768x212.png 768w, https:\/\/biosamia.com\/wp-content\/uploads\/2024\/09\/logo-ok-03-2-1140x315.png 1140w, https:\/\/biosamia.com\/wp-content\/uploads\/2024\/09\/logo-ok-03-2-920x254.png 920w, https:\/\/biosamia.com\/wp-content\/uploads\/2024\/09\/logo-ok-03-2-575x159.png 575w, https:\/\/biosamia.com\/wp-content\/uploads\/2024\/09\/logo-ok-03-2-380x105.png 380w, https:\/\/biosamia.com\/wp-content\/uploads\/2024\/09\/logo-ok-03-2.png 1271w\" sizes=\"auto, (max-width: 1024px) 100vw, 1024px\" \/><\/figure>\n<\/div>\n<\/div>\n<\/div><\/div>\n<\/div><\/div>\n<\/div><\/div>\n\n\n\n<div style=\"height:30px\" aria-hidden=\"true\" class=\"wp-block-spacer\"><\/div>\n\n\n\n<h2 class=\"wp-block-heading has-text-align-center\">CHI SIAMO<\/h2>\n\n\n\n<div class=\"wp-block-columns is-layout-flex wp-container-core-columns-is-layout-28f84493 wp-block-columns-is-layout-flex\">\n<div class=\"wp-block-column is-layout-flow wp-block-column-is-layout-flow\" style=\"flex-basis:33.33%\">\n<figure class=\"wp-block-image size-large\"><img loading=\"lazy\" decoding=\"async\" width=\"1024\" height=\"486\" src=\"https:\/\/biosamia.com\/wp-content\/uploads\/2024\/10\/DJI_0077-mod-1024x486.jpg\" alt=\"\" class=\"wp-image-964\" srcset=\"https:\/\/biosamia.com\/wp-content\/uploads\/2024\/10\/DJI_0077-mod-1024x486.jpg 1024w, https:\/\/biosamia.com\/wp-content\/uploads\/2024\/10\/DJI_0077-mod-300x142.jpg 300w, https:\/\/biosamia.com\/wp-content\/uploads\/2024\/10\/DJI_0077-mod-768x364.jpg 768w, https:\/\/biosamia.com\/wp-content\/uploads\/2024\/10\/DJI_0077-mod-1536x728.jpg 1536w, https:\/\/biosamia.com\/wp-content\/uploads\/2024\/10\/DJI_0077-mod-2048x971.jpg 2048w, https:\/\/biosamia.com\/wp-content\/uploads\/2024\/10\/DJI_0077-mod-1140x541.jpg 1140w, https:\/\/biosamia.com\/wp-content\/uploads\/2024\/10\/DJI_0077-mod-920x436.jpg 920w, https:\/\/biosamia.com\/wp-content\/uploads\/2024\/10\/DJI_0077-mod-575x273.jpg 575w, https:\/\/biosamia.com\/wp-content\/uploads\/2024\/10\/DJI_0077-mod-380x180.jpg 380w\" sizes=\"auto, (max-width: 1024px) 100vw, 1024px\" \/><\/figure>\n<\/div>\n\n\n\n<div class=\"wp-block-column is-layout-flow wp-block-column-is-layout-flow\" style=\"flex-basis:66.66%\">\n<p>Il nostro stabilimento ha una superficie di 6.000 metri quadri e impiega 40 dipendenti. Al suo interno, abbiamo un laboratorio di analisi che ci permette di sviluppare i nostri prodotti e verificarne la qualit\u00e0 in modo veloce ed accurato. La nostra capacit\u00e0 produttiva \u00e8 supportata da un pool di macchinari che si compone di 6 Turbo-emulsori da 300 chilogrammi ciascuno, 2 Mix Profumo refrigerati e 3 Miscelatori per liquidi, bagni e shampoo da 1.000 litri ciascuno. Oltre alla produzione, disponiamo di uno studio interno per lo sviluppo di nuove formule e di un team grafico per la creazione del design dei nostri prodotti. Ci occupiamo anche della registrazione dei nostri prodotti sul Portale Europeo (CPNP) e della redazione del P.I.F. (Product Information File).<\/p>\n<\/div>\n<\/div>\n","protected":false},"excerpt":{"rendered":"<p>CHI SIAMO Il nostro stabilimento ha una superficie di 6.000 metri quadri e impiega 40 dipendenti. Al suo interno, abbiamo un laboratorio di analisi che ci permette di sviluppare i [&hellip;]<\/p>\n","protected":false},"author":1,"featured_media":0,"parent":0,"menu_order":0,"comment_status":"closed","ping_status":"closed","template":"","meta":{"footnotes":""},"class_list":["post-6","page","type-page","status-publish","hentry"],"_links":{"self":[{"href":"https:\/\/biosamia.com\/index.php?rest_route=\/wp\/v2\/pages\/6","targetHints":{"allow":["GET"]}}],"collection":[{"href":"https:\/\/biosamia.com\/index.php?rest_route=\/wp\/v2\/pages"}],"about":[{"href":"https:\/\/biosamia.com\/index.php?rest_route=\/wp\/v2\/types\/page"}],"author":[{"embeddable":true,"href":"https:\/\/biosamia.com\/index.php?rest_route=\/wp\/v2\/users\/1"}],"replies":[{"embeddable":true,"href":"https:\/\/biosamia.com\/index.php?rest_route=%2Fwp%2Fv2%2Fcomments&post=6"}],"version-history":[{"count":74,"href":"https:\/\/biosamia.com\/index.php?rest_route=\/wp\/v2\/pages\/6\/revisions"}],"predecessor-version":[{"id":1128,"href":"https:\/\/biosamia.com\/index.php?rest_route=\/wp\/v2\/pages\/6\/revisions\/1128"}],"wp:attachment":[{"href":"https:\/\/biosamia.com\/index.php?rest_route=%2Fwp%2Fv2%2Fmedia&parent=6"}],"curies":[{"name":"wp","href":"https:\/\/api.w.org\/{rel}","templated":true}]}}